{"id":2685,"date":"2021-08-20T23:27:54","date_gmt":"2021-08-20T23:27:54","guid":{"rendered":"https:\/\/maxitracksensors.com\/empresa\/"},"modified":"2024-11-29T00:48:23","modified_gmt":"2024-11-29T00:48:23","slug":"empresa","status":"publish","type":"page","link":"https:\/\/maxitracksensors.com\/en\/empresa\/","title":{"rendered":"Empresa"},"content":{"rendered":"\t\t<div data-elementor-type=\"wp-page\" data-elementor-id=\"2685\" class=\"elementor elementor-2685 elementor-380\">\n\t\t\t\t\t\t<section class=\"elementor-section elementor-top-section elementor-element elementor-element-12bfee19 elementor-section-full_width elementor-section-content-middle elementor-section-height-min-height elementor-section-height-default elementor-section-items-middle\" data-id=\"12bfee19\" data-element_type=\"section\" data-e-type=\"section\">\n\t\t\t\t\t\t\t<div class=\"elementor-background-overlay\"><\/div>\n\t\t\t\t\t\t\t<div class=\"elementor-container elementor-column-gap-no\">\n\t\t\t\t\t<div class=\"elementor-column elementor-col-50 elementor-top-column elementor-element elementor-element-119f9812\" data-id=\"119f9812\" data-element_type=\"column\" data-e-type=\"column\">\n\t\t\t<div class=\"elementor-widget-wrap elementor-element-populated\">\n\t\t\t\t\t\t<div class=\"elementor-element elementor-element-3b8e7c59 elementor-widget elementor-widget-text-editor\" data-id=\"3b8e7c59\" data-element_type=\"widget\" data-e-type=\"widget\" data-widget_type=\"text-editor.default\">\n\t\t\t\t<div class=\"elementor-widget-container\">\n\t\t\t\t\t\t\t\t\t<p>empresa<\/p>\t\t\t\t\t\t\t\t<\/div>\n\t\t\t\t<\/div>\n\t\t\t\t<div class=\"elementor-element elementor-element-7c361ba3 elementor-widget elementor-widget-heading\" data-id=\"7c361ba3\" data-element_type=\"widget\" data-e-type=\"widget\" data-widget_type=\"heading.default\">\n\t\t\t\t<div class=\"elementor-widget-container\">\n\t\t\t\t\t<h3 class=\"elementor-heading-title elementor-size-default\">MaxiTrack Sensors: Excel\u00eancia Global em Solu\u00e7\u00f5es de Monitoramento<\/h3>\t\t\t\t<\/div>\n\t\t\t\t<\/div>\n\t\t\t\t<div class=\"elementor-element elementor-element-df04caf elementor-widget elementor-widget-text-editor\" data-id=\"df04caf\" data-element_type=\"widget\" data-e-type=\"widget\" data-widget_type=\"text-editor.default\">\n\t\t\t\t<div class=\"elementor-widget-container\">\n\t\t\t\t\t\t\t\t\t<p>A <strong>MaxiTrack Sensors<\/strong> \u00e9 uma empresa de refer\u00eancia internacional, presente na Europa, Estados Unidos e Am\u00e9rica do Sul, destacando-se no desenvolvimento de solu\u00e7\u00f5es avan\u00e7adas em <strong>Data Loggers de Temperatura e Humidade Relativa, Term\u00f3grafos Descart\u00e1veis, <\/strong>Sistemas Wireless e diversos sensores de alta precis\u00e3o. Nossa atua\u00e7\u00e3o \u00e9 focada nos segmentos <strong>Farmac\u00eautico, Hospitalar, Aliment\u00edcio <\/strong>e<strong> Industrial,<\/strong> oferecendo produtos que garantem a seguran\u00e7a e a efici\u00eancia no monitoramento de condi\u00e7\u00f5es cr\u00edticas.<\/p>\t\t\t\t\t\t\t\t<\/div>\n\t\t\t\t<\/div>\n\t\t\t\t<div class=\"elementor-element elementor-element-1d9cfd04 elementor-widget elementor-widget-text-editor\" data-id=\"1d9cfd04\" data-element_type=\"widget\" data-e-type=\"widget\" data-widget_type=\"text-editor.default\">\n\t\t\t\t<div class=\"elementor-widget-container\">\n\t\t\t\t\t\t\t\t\t<h3>Inova\u00e7\u00e3o e Confiabilidade<\/h3><p>Os equipamentos e softwares da\u00a0<b>MaxiTrack Sensors<\/b>\u00a0s\u00e3o reconhecidos por sua confiabilidade e conformidade com as normas internacionais mais rigorosas, como FDA, CE e\u00a0ISO 9001, FCC, RoHS, EN12830 e IATA\u00a0. Nossa linha de produtos \u00e9 projetada para assegurar o controle e a rastreabilidade em\u00a0processos que envolva\u00a0<b>Cadeia do Frio<\/b>, contribuindo diretamente para a qualidade e a seguran\u00e7a em processos industriais e log\u00edsticos.<\/p>\t\t\t\t\t\t\t\t<\/div>\n\t\t\t\t<\/div>\n\t\t\t\t\t<\/div>\n\t\t<\/div>\n\t\t\t\t<div class=\"elementor-column elementor-col-50 elementor-top-column elementor-element elementor-element-216a589a\" data-id=\"216a589a\" data-element_type=\"column\" data-e-type=\"column\">\n\t\t\t<div class=\"elementor-widget-wrap elementor-element-populated\">\n\t\t\t\t\t\t<div class=\"elementor-element elementor-element-3bcd8313 elementor-widget elementor-widget-image\" data-id=\"3bcd8313\" data-element_type=\"widget\" data-e-type=\"widget\" data-widget_type=\"image.default\">\n\t\t\t\t<div class=\"elementor-widget-container\">\n\t\t\t\t\t\t\t\t\t\t\t\t\t\t\t<img fetchpriority=\"high\" decoding=\"async\" width=\"500\" height=\"311\" src=\"https:\/\/maxitracksensors.com\/wp-content\/uploads\/2021\/08\/cold-storage-e1634658984750.jpg\" class=\"attachment-full size-full wp-image-2686\" alt=\"\" \/>\t\t\t\t\t\t\t\t\t\t\t\t\t\t\t<\/div>\n\t\t\t\t<\/div>\n\t\t\t\t<div class=\"elementor-element elementor-element-d084353 elementor-widget elementor-widget-image\" data-id=\"d084353\" data-element_type=\"widget\" data-e-type=\"widget\" data-widget_type=\"image.default\">\n\t\t\t\t<div class=\"elementor-widget-container\">\n\t\t\t\t\t\t\t\t\t\t\t\t\t\t\t<img decoding=\"async\" width=\"650\" height=\"405\" src=\"https:\/\/maxitracksensors.com\/wp-content\/uploads\/2021\/10\/BP-26-03-19.png\" class=\"attachment-full size-full wp-image-2163\" alt=\"\" srcset=\"https:\/\/maxitracksensors.com\/wp-content\/uploads\/2021\/10\/BP-26-03-19.png 650w, https:\/\/maxitracksensors.com\/wp-content\/uploads\/2021\/10\/BP-26-03-19-300x187.png 300w, https:\/\/maxitracksensors.com\/wp-content\/uploads\/2021\/10\/BP-26-03-19-600x374.png 600w, https:\/\/maxitracksensors.com\/wp-content\/uploads\/2021\/10\/BP-26-03-19-257x160.png 257w, https:\/\/maxitracksensors.com\/wp-content\/uploads\/2021\/10\/BP-26-03-19-480x300.png 480w, https:\/\/maxitracksensors.com\/wp-content\/uploads\/2021\/10\/BP-26-03-19-640x400.png 640w\" sizes=\"(max-width: 650px) 100vw, 650px\" \/>\t\t\t\t\t\t\t\t\t\t\t\t\t\t\t<\/div>\n\t\t\t\t<\/div>\n\t\t\t\t\t<\/div>\n\t\t<\/div>\n\t\t\t\t\t<\/div>\n\t\t<\/section>\n\t\t\t\t<section class=\"elementor-section elementor-top-section elementor-element elementor-element-449ea929 elementor-section-content-middle elementor-section-boxed elementor-section-height-default elementor-section-height-default\" data-id=\"449ea929\" data-element_type=\"section\" data-e-type=\"section\" data-settings=\"{&quot;background_background&quot;:&quot;classic&quot;}\">\n\t\t\t\t\t\t\t<div class=\"elementor-background-overlay\"><\/div>\n\t\t\t\t\t\t\t<div class=\"elementor-container elementor-column-gap-no\">\n\t\t\t\t\t<div class=\"elementor-column elementor-col-100 elementor-top-column elementor-element elementor-element-711d6466\" data-id=\"711d6466\" data-element_type=\"column\" data-e-type=\"column\">\n\t\t\t<div class=\"elementor-widget-wrap elementor-element-populated\">\n\t\t\t\t\t\t<div class=\"elementor-element elementor-element-1be25ecd elementor-widget-divider--view-line elementor-widget elementor-widget-divider\" data-id=\"1be25ecd\" data-element_type=\"widget\" data-e-type=\"widget\" data-widget_type=\"divider.default\">\n\t\t\t\t<div class=\"elementor-widget-container\">\n\t\t\t\t\t\t\t<div class=\"elementor-divider\">\n\t\t\t<span class=\"elementor-divider-separator\">\n\t\t\t\t\t\t<\/span>\n\t\t<\/div>\n\t\t\t\t\t\t<\/div>\n\t\t\t\t<\/div>\n\t\t\t\t<section class=\"elementor-section elementor-inner-section elementor-element elementor-element-7deb7bfd elementor-section-content-middle elementor-section-boxed elementor-section-height-default elementor-section-height-default\" data-id=\"7deb7bfd\" data-element_type=\"section\" data-e-type=\"section\">\n\t\t\t\t\t\t<div class=\"elementor-container elementor-column-gap-no\">\n\t\t\t\t\t<div class=\"elementor-column elementor-col-33 elementor-inner-column elementor-element elementor-element-15e9c6f1 elementor-hidden-tablet elementor-hidden-mobile\" data-id=\"15e9c6f1\" data-element_type=\"column\" data-e-type=\"column\">\n\t\t\t<div class=\"elementor-widget-wrap elementor-element-populated\">\n\t\t\t\t\t\t<div class=\"elementor-element elementor-element-61190422 elementor-widget elementor-widget-image\" data-id=\"61190422\" data-element_type=\"widget\" data-e-type=\"widget\" data-widget_type=\"image.default\">\n\t\t\t\t<div class=\"elementor-widget-container\">\n\t\t\t\t\t\t\t\t\t\t\t\t\t\t\t<img decoding=\"async\" width=\"400\" height=\"267\" src=\"https:\/\/maxitracksensors.com\/wp-content\/uploads\/2021\/08\/image6.png\" class=\"attachment-large size-large wp-image-2569\" alt=\"\" srcset=\"https:\/\/maxitracksensors.com\/wp-content\/uploads\/2021\/08\/image6.png 400w, https:\/\/maxitracksensors.com\/wp-content\/uploads\/2021\/08\/image6-300x200.png 300w\" sizes=\"(max-width: 400px) 100vw, 400px\" \/>\t\t\t\t\t\t\t\t\t\t\t\t\t\t\t<\/div>\n\t\t\t\t<\/div>\n\t\t\t\t\t<\/div>\n\t\t<\/div>\n\t\t\t\t<div class=\"elementor-column elementor-col-33 elementor-inner-column elementor-element elementor-element-286a4206 elementor-hidden-tablet elementor-hidden-mobile\" data-id=\"286a4206\" data-element_type=\"column\" data-e-type=\"column\">\n\t\t\t<div class=\"elementor-widget-wrap elementor-element-populated\">\n\t\t\t\t\t\t<div class=\"elementor-element elementor-element-6e7c5eda elementor-widget elementor-widget-image\" data-id=\"6e7c5eda\" data-element_type=\"widget\" data-e-type=\"widget\" data-widget_type=\"image.default\">\n\t\t\t\t<div class=\"elementor-widget-container\">\n\t\t\t\t\t\t\t\t\t\t\t\t\t\t\t<img loading=\"lazy\" decoding=\"async\" width=\"800\" height=\"533\" src=\"https:\/\/maxitracksensors.com\/wp-content\/uploads\/2021\/10\/image7-2.png\" class=\"attachment-large size-large wp-image-2154\" alt=\"\" srcset=\"https:\/\/maxitracksensors.com\/wp-content\/uploads\/2021\/10\/image7-2.png 1024w, https:\/\/maxitracksensors.com\/wp-content\/uploads\/2021\/10\/image7-2-300x200.png 300w, https:\/\/maxitracksensors.com\/wp-content\/uploads\/2021\/10\/image7-2-768x512.png 768w, https:\/\/maxitracksensors.com\/wp-content\/uploads\/2021\/10\/image7-2-600x400.png 600w, https:\/\/maxitracksensors.com\/wp-content\/uploads\/2021\/10\/image7-2-240x160.png 240w\" sizes=\"(max-width: 800px) 100vw, 800px\" \/>\t\t\t\t\t\t\t\t\t\t\t\t\t\t\t<\/div>\n\t\t\t\t<\/div>\n\t\t\t\t\t<\/div>\n\t\t<\/div>\n\t\t\t\t<div class=\"elementor-column elementor-col-33 elementor-inner-column elementor-element elementor-element-54025fbf\" data-id=\"54025fbf\" data-element_type=\"column\" data-e-type=\"column\">\n\t\t\t<div class=\"elementor-widget-wrap elementor-element-populated\">\n\t\t\t\t\t\t<div class=\"elementor-element elementor-element-27fff0f9 elementor-widget elementor-widget-text-editor\" data-id=\"27fff0f9\" data-element_type=\"widget\" data-e-type=\"widget\" data-widget_type=\"text-editor.default\">\n\t\t\t\t<div class=\"elementor-widget-container\">\n\t\t\t\t\t\t\t\t\t<h3><b>Compromisso Global e Suporte T\u00e9cnico<\/b><\/h3><p>A miss\u00e3o da MaxiTrack Sensors \u00e9 fornecer solu\u00e7\u00f5es de monitoramento inovadoras que atendam \u00e0s necessidades dos clientes, garantindo <strong>efici\u00eancia<\/strong>, <strong>precis\u00e3o<\/strong> e <strong>confiabilidade<\/strong> em suas opera\u00e7\u00f5es.<br \/>Nosso compromisso \u00e9 sustentado por:<\/p><ul><li><b>Seriedade<\/b>\u00a0no desenvolvimento e entrega de solu\u00e7\u00f5es tecnol\u00f3gicas de alto desempenho.<u><\/u><u><\/u><\/li><li><b>Agilidade no atendimento<\/b>\u00a0incluindo\u00a0respostas r\u00e1pidas e eficazes.<u><\/u><u><\/u><\/li><li>Uma <b>rede\u00a0<\/b><b>internacional de suporte t\u00e9cnico<\/b>, garantindo assist\u00eancia qualificada e personalizada\u00a0junto \u00e0s principais economias globais.<\/li><\/ul><p>\u00a0<\/p><p><span style=\"color: #ff0000;\"><b><i><span lang=\"EN-US\">#Don\u2019t Ship Without Us!\u2122<\/span><\/i><\/b><\/span><\/p>\t\t\t\t\t\t\t\t<\/div>\n\t\t\t\t<\/div>\n\t\t\t\t\t<\/div>\n\t\t<\/div>\n\t\t\t\t\t<\/div>\n\t\t<\/section>\n\t\t\t\t<section class=\"elementor-section elementor-inner-section elementor-element elementor-element-17d7aa3a elementor-section-content-middle elementor-section-boxed elementor-section-height-default elementor-section-height-default\" data-id=\"17d7aa3a\" data-element_type=\"section\" data-e-type=\"section\">\n\t\t\t\t\t\t<div class=\"elementor-container elementor-column-gap-no\">\n\t\t\t\t\t<div class=\"elementor-column elementor-col-50 elementor-inner-column elementor-element elementor-element-31816106 elementor-hidden-tablet elementor-hidden-mobile\" data-id=\"31816106\" data-element_type=\"column\" data-e-type=\"column\">\n\t\t\t<div class=\"elementor-widget-wrap elementor-element-populated\">\n\t\t\t\t\t\t<div class=\"elementor-element elementor-element-2d681d5f elementor-widget elementor-widget-image\" data-id=\"2d681d5f\" data-element_type=\"widget\" data-e-type=\"widget\" data-widget_type=\"image.default\">\n\t\t\t\t<div class=\"elementor-widget-container\">\n\t\t\t\t\t\t\t\t\t\t\t\t\t\t\t<img loading=\"lazy\" decoding=\"async\" width=\"400\" height=\"225\" src=\"https:\/\/maxitracksensors.com\/wp-content\/uploads\/2021\/08\/maxitrack_fruits.jpg\" class=\"attachment-large size-large wp-image-2570\" alt=\"\" srcset=\"https:\/\/maxitracksensors.com\/wp-content\/uploads\/2021\/08\/maxitrack_fruits.jpg 400w, https:\/\/maxitracksensors.com\/wp-content\/uploads\/2021\/08\/maxitrack_fruits-300x169.jpg 300w\" sizes=\"(max-width: 400px) 100vw, 400px\" \/>\t\t\t\t\t\t\t\t\t\t\t\t\t\t\t<\/div>\n\t\t\t\t<\/div>\n\t\t\t\t\t<\/div>\n\t\t<\/div>\n\t\t\t\t<div class=\"elementor-column elementor-col-50 elementor-inner-column elementor-element elementor-element-29184c64\" data-id=\"29184c64\" data-element_type=\"column\" data-e-type=\"column\">\n\t\t\t<div class=\"elementor-widget-wrap elementor-element-populated\">\n\t\t\t\t\t\t<div class=\"elementor-element elementor-element-24a50d1f elementor-widget-divider--view-line elementor-widget elementor-widget-divider\" data-id=\"24a50d1f\" data-element_type=\"widget\" data-e-type=\"widget\" data-widget_type=\"divider.default\">\n\t\t\t\t<div class=\"elementor-widget-container\">\n\t\t\t\t\t\t\t<div class=\"elementor-divider\">\n\t\t\t<span class=\"elementor-divider-separator\">\n\t\t\t\t\t\t<\/span>\n\t\t<\/div>\n\t\t\t\t\t\t<\/div>\n\t\t\t\t<\/div>\n\t\t\t\t\t<\/div>\n\t\t<\/div>\n\t\t\t\t\t<\/div>\n\t\t<\/section>\n\t\t\t\t\t<\/div>\n\t\t<\/div>\n\t\t\t\t\t<\/div>\n\t\t<\/section>\n\t\t\t\t<\/div>\n\t\t","protected":false},"excerpt":{"rendered":"<p>empresa MaxiTrack Sensors: Excel\u00eancia Global em Solu\u00e7\u00f5es de Monitoramento A MaxiTrack Sensors \u00e9 uma empresa de refer\u00eancia internacional, presente na Europa, Estados Unidos e Am\u00e9rica do Sul, destacando-se no desenvolvimento &#8230;<\/p>\n","protected":false},"author":1,"featured_media":0,"parent":0,"menu_order":0,"comment_status":"closed","ping_status":"closed","template":"elementor_header_footer","meta":{"footnotes":""},"class_list":["post-2685","page","type-page","status-publish","hentry"],"_links":{"self":[{"href":"https:\/\/maxitracksensors.com\/en\/wp-json\/wp\/v2\/pages\/2685","targetHints":{"allow":["GET"]}}],"collection":[{"href":"https:\/\/maxitracksensors.com\/en\/wp-json\/wp\/v2\/pages"}],"about":[{"href":"https:\/\/maxitracksensors.com\/en\/wp-json\/wp\/v2\/types\/page"}],"author":[{"embeddable":true,"href":"https:\/\/maxitracksensors.com\/en\/wp-json\/wp\/v2\/users\/1"}],"replies":[{"embeddable":true,"href":"https:\/\/maxitracksensors.com\/en\/wp-json\/wp\/v2\/comments?post=2685"}],"version-history":[{"count":33,"href":"https:\/\/maxitracksensors.com\/en\/wp-json\/wp\/v2\/pages\/2685\/revisions"}],"predecessor-version":[{"id":5346,"href":"https:\/\/maxitracksensors.com\/en\/wp-json\/wp\/v2\/pages\/2685\/revisions\/5346"}],"wp:attachment":[{"href":"https:\/\/maxitracksensors.com\/en\/wp-json\/wp\/v2\/media?parent=2685"}],"curies":[{"name":"wp","href":"https:\/\/api.w.org\/{rel}","templated":true}]}}