{"id":2624,"date":"2021-10-08T00:03:15","date_gmt":"2021-10-08T00:03:15","guid":{"rendered":"https:\/\/maxitracksensors.com\/cases\/"},"modified":"2021-11-10T21:20:17","modified_gmt":"2021-11-10T21:20:17","slug":"cases","status":"publish","type":"page","link":"https:\/\/maxitracksensors.com\/es\/cases\/","title":{"rendered":"Cases"},"content":{"rendered":"\t\t<div data-elementor-type=\"wp-page\" data-elementor-id=\"2624\" class=\"elementor elementor-2624 elementor-1152\">\n\t\t\t\t\t\t<section class=\"elementor-section elementor-top-section elementor-element elementor-element-12bfee19 elementor-section-full_width elementor-section-content-middle elementor-section-height-min-height elementor-section-height-default elementor-section-items-middle\" data-id=\"12bfee19\" data-element_type=\"section\" data-e-type=\"section\">\n\t\t\t\t\t\t\t<div class=\"elementor-background-overlay\"><\/div>\n\t\t\t\t\t\t\t<div class=\"elementor-container elementor-column-gap-no\">\n\t\t\t\t\t<div class=\"elementor-column elementor-col-50 elementor-top-column elementor-element elementor-element-119f9812\" data-id=\"119f9812\" data-element_type=\"column\" data-e-type=\"column\">\n\t\t\t<div class=\"elementor-widget-wrap elementor-element-populated\">\n\t\t\t\t\t\t<div class=\"elementor-element elementor-element-7c361ba3 elementor-widget elementor-widget-heading\" data-id=\"7c361ba3\" data-element_type=\"widget\" data-e-type=\"widget\" data-widget_type=\"heading.default\">\n\t\t\t\t<div class=\"elementor-widget-container\">\n\t\t\t\t\t<h3 class=\"elementor-heading-title elementor-size-default\">Cases<\/h3>\t\t\t\t<\/div>\n\t\t\t\t<\/div>\n\t\t\t\t\t<\/div>\n\t\t<\/div>\n\t\t\t\t<div class=\"elementor-column elementor-col-50 elementor-top-column elementor-element elementor-element-216a589a\" data-id=\"216a589a\" data-element_type=\"column\" data-e-type=\"column\">\n\t\t\t<div class=\"elementor-widget-wrap\">\n\t\t\t\t\t\t\t<\/div>\n\t\t<\/div>\n\t\t\t\t\t<\/div>\n\t\t<\/section>\n\t\t\t\t<section class=\"elementor-section elementor-top-section elementor-element elementor-element-880afe5 elementor-section-boxed elementor-section-height-default elementor-section-height-default\" data-id=\"880afe5\" data-element_type=\"section\" data-e-type=\"section\">\n\t\t\t\t\t\t<div class=\"elementor-container elementor-column-gap-default\">\n\t\t\t\t\t<div class=\"elementor-column elementor-col-100 elementor-top-column elementor-element elementor-element-d9aab9f\" data-id=\"d9aab9f\" data-element_type=\"column\" data-e-type=\"column\">\n\t\t\t<div class=\"elementor-widget-wrap elementor-element-populated\">\n\t\t\t\t\t\t<div class=\"elementor-element elementor-element-d2ae356 elementor-widget elementor-widget-spacer\" data-id=\"d2ae356\" data-element_type=\"widget\" data-e-type=\"widget\" data-widget_type=\"spacer.default\">\n\t\t\t\t<div class=\"elementor-widget-container\">\n\t\t\t\t\t\t\t<div class=\"elementor-spacer\">\n\t\t\t<div class=\"elementor-spacer-inner\"><\/div>\n\t\t<\/div>\n\t\t\t\t\t\t<\/div>\n\t\t\t\t<\/div>\n\t\t\t\t<div class=\"elementor-element elementor-element-6f4d2f2 elementor-widget elementor-widget-shortcode\" data-id=\"6f4d2f2\" data-element_type=\"widget\" data-e-type=\"widget\" data-widget_type=\"shortcode.default\">\n\t\t\t\t<div class=\"elementor-widget-container\">\n\t\t\t\t\t\t\t<div class=\"elementor-shortcode\">\t\t<div class=\"pgafu-post-grid-main pgafu-design-1 pgafu-image-fit pgafu-grid-3 pgafu-clearfix \">\r\n\t\t\t<div class=\"pgafu-post-grid  pgafu-medium-4 pgafu-columns  pgafu-first\">\r\n\t<div class=\"pgafu-post-grid-content \">\r\n\t\t\t\t\t<div class=\"pgafu-post-image-bg\" style=\"\">\r\n\t\t\t\t<a href=\"https:\/\/maxitracksensors.com\/es\/laticinios-xando-garantiza-un-control-total-de-temperatura-con-los-termografos-desechables-maxitrack-sensors\/\">\r\n\t\t\t\t\t<img decoding=\"async\" src=\"https:\/\/maxitracksensors.com\/wp-content\/uploads\/2024\/12\/501.jpg\" alt=\"Latic\u00ednios Xand\u00f4 garantiza un control total de temperatura con los Term\u00f3grafos Desechables MaxiTrack Sensors\" \/>\r\n\t\t\t\t<\/a>\r\n\t\t\t<\/div>\r\n\t\t\r\n\t\t<h2 class=\"pgafu-post-title\">\r\n\t\t\t<a href=\"https:\/\/maxitracksensors.com\/es\/laticinios-xando-garantiza-un-control-total-de-temperatura-con-los-termografos-desechables-maxitrack-sensors\/\">Latic\u00ednios Xand\u00f4 garantiza un control total de temperatura con los Term\u00f3grafos Desechables MaxiTrack Sensors<\/a>\r\n\t\t<\/h2>\r\n\r\n\t\t\t\t\t<div class=\"pgafu-post-categories\"><a href=\"https:\/\/maxitracksensors.com\/es\/category\/cases\/\">Cases<\/a> <a href=\"https:\/\/maxitracksensors.com\/es\/category\/ind-alimenticia\/\">Ind Alimenticia<\/a><\/div>\r\n\t\t\t\t\t<div class=\"pgafu-post-date\">\r\n\t\t\t\t\t\t\t<\/div>\r\n\t\t\t<\/div>\r\n<\/div><div class=\"pgafu-post-grid  pgafu-medium-4 pgafu-columns \">\r\n\t<div class=\"pgafu-post-grid-content \">\r\n\t\t\t\t\t<div class=\"pgafu-post-image-bg\" style=\"\">\r\n\t\t\t\t<a href=\"https:\/\/maxitracksensors.com\/es\/linea-wise-usb-y-cooperativa-aurora-mas-de-6-anos-de-garantia-en-la-seguridad-del-monitoreo-de-temperatura-en-las-operaciones-de-exportacion-de-todas-las-plantas-del-grupo\/\">\r\n\t\t\t\t\t<img decoding=\"async\" src=\"https:\/\/maxitracksensors.com\/wp-content\/uploads\/2024\/12\/hq720.jpg\" alt=\"L\u00ednea Wise-USB y Cooperativa Aurora: M\u00e1s de 6 a\u00f1os de garant\u00eda en la seguridad del monitoreo de temperatura en las operaciones de exportaci\u00f3n de todas las plantas del grupo.\" \/>\r\n\t\t\t\t<\/a>\r\n\t\t\t<\/div>\r\n\t\t\r\n\t\t<h2 class=\"pgafu-post-title\">\r\n\t\t\t<a href=\"https:\/\/maxitracksensors.com\/es\/linea-wise-usb-y-cooperativa-aurora-mas-de-6-anos-de-garantia-en-la-seguridad-del-monitoreo-de-temperatura-en-las-operaciones-de-exportacion-de-todas-las-plantas-del-grupo\/\">L\u00ednea Wise-USB y Cooperativa Aurora: M\u00e1s de 6 a\u00f1os de garant\u00eda en la seguridad del monitoreo de temperatura en las operaciones de exportaci\u00f3n de todas las plantas del grupo.<\/a>\r\n\t\t<\/h2>\r\n\r\n\t\t\t\t\t<div class=\"pgafu-post-categories\"><a href=\"https:\/\/maxitracksensors.com\/es\/category\/cases\/\">Cases<\/a> <a href=\"https:\/\/maxitracksensors.com\/es\/category\/ind-alimenticia\/\">Ind Alimenticia<\/a><\/div>\r\n\t\t\t\t\t<div class=\"pgafu-post-date\">\r\n\t\t\t\t\t\t\t<\/div>\r\n\t\t\t<\/div>\r\n<\/div><div class=\"pgafu-post-grid  pgafu-medium-4 pgafu-columns  pgafu-last\">\r\n\t<div class=\"pgafu-post-grid-content \">\r\n\t\t\t\t\t<div class=\"pgafu-post-image-bg\" style=\"\">\r\n\t\t\t\t<a href=\"https:\/\/maxitracksensors.com\/es\/hellmann-logistics-utiliza-de-forma-continua-los-data-loggers-de-temperatura-de-un-solo-uso-wise-usb-en-los-modos-maritimo-y-aereo\/\">\r\n\t\t\t\t\t<img decoding=\"async\" src=\"https:\/\/maxitracksensors.com\/wp-content\/uploads\/2024\/12\/1200.jpg\" alt=\"Hellmann Logistics utiliza de forma continua los Data Loggers de Temperatura de un solo uso Wise-USB en los modos mar\u00edtimo y a\u00e9reo\" \/>\r\n\t\t\t\t<\/a>\r\n\t\t\t<\/div>\r\n\t\t\r\n\t\t<h2 class=\"pgafu-post-title\">\r\n\t\t\t<a href=\"https:\/\/maxitracksensors.com\/es\/hellmann-logistics-utiliza-de-forma-continua-los-data-loggers-de-temperatura-de-un-solo-uso-wise-usb-en-los-modos-maritimo-y-aereo\/\">Hellmann Logistics utiliza de forma continua los Data Loggers de Temperatura de un solo uso Wise-USB en los modos mar\u00edtimo y a\u00e9reo<\/a>\r\n\t\t<\/h2>\r\n\r\n\t\t\t\t\t<div class=\"pgafu-post-categories\"><a href=\"https:\/\/maxitracksensors.com\/es\/category\/cases\/\">Cases<\/a> <a href=\"https:\/\/maxitracksensors.com\/es\/category\/ind-alimenticia\/\">Ind Alimenticia<\/a><\/div>\r\n\t\t\t\t\t<div class=\"pgafu-post-date\">\r\n\t\t\t\t\t\t\t<\/div>\r\n\t\t\t<\/div>\r\n<\/div><div class=\"pgafu-post-grid  pgafu-medium-4 pgafu-columns  pgafu-first\">\r\n\t<div class=\"pgafu-post-grid-content \">\r\n\t\t\t\t\t<div class=\"pgafu-post-image-bg\" style=\"\">\r\n\t\t\t\t<a href=\"https:\/\/maxitracksensors.com\/es\/la-tecnologia-bluetooth-de-largo-alcance-de-los-data-loggers-pod-lleva-mas-de-5-anos-presente-en-las-operaciones-de-dhl\/\">\r\n\t\t\t\t\t<img decoding=\"async\" src=\"https:\/\/maxitracksensors.com\/wp-content\/uploads\/2024\/12\/64839.jpg\" alt=\"\u00a1La tecnolog\u00eda Bluetooth de largo alcance de los Data Loggers POD lleva m\u00e1s de 5 a\u00f1os presente en las operaciones de DHL!\" \/>\r\n\t\t\t\t<\/a>\r\n\t\t\t<\/div>\r\n\t\t\r\n\t\t<h2 class=\"pgafu-post-title\">\r\n\t\t\t<a href=\"https:\/\/maxitracksensors.com\/es\/la-tecnologia-bluetooth-de-largo-alcance-de-los-data-loggers-pod-lleva-mas-de-5-anos-presente-en-las-operaciones-de-dhl\/\">\u00a1La tecnolog\u00eda Bluetooth de largo alcance de los Data Loggers POD lleva m\u00e1s de 5 a\u00f1os presente en las operaciones de DHL!<\/a>\r\n\t\t<\/h2>\r\n\r\n\t\t\t\t\t<div class=\"pgafu-post-categories\"><a href=\"https:\/\/maxitracksensors.com\/es\/category\/cases\/\">Cases<\/a> <a href=\"https:\/\/maxitracksensors.com\/es\/category\/ciencias-de-la-vida\/\">Ciencias de La Vida<\/a> <a href=\"https:\/\/maxitracksensors.com\/es\/category\/ind-alimenticia\/\">Ind Alimenticia<\/a><\/div>\r\n\t\t\t\t\t<div class=\"pgafu-post-date\">\r\n\t\t\t\t\t\t\t<\/div>\r\n\t\t\t<\/div>\r\n<\/div><div class=\"pgafu-post-grid  pgafu-medium-4 pgafu-columns \">\r\n\t<div class=\"pgafu-post-grid-content \">\r\n\t\t\t\t\t<div class=\"pgafu-post-image-bg\" style=\"\">\r\n\t\t\t\t<a href=\"https:\/\/maxitracksensors.com\/es\/el-transporte-de-productos-brasil-citrus-se-realiza-con-registradores-de-datos-2ctemp-usb\/\">\r\n\t\t\t\t\t<img decoding=\"async\" src=\"https:\/\/maxitracksensors.com\/wp-content\/uploads\/2021\/10\/brasil-citrus.jpg\" alt=\"El transporte de productos Brasil Citrus se realiza con registradores de datos 2ctemp-USB\" \/>\r\n\t\t\t\t<\/a>\r\n\t\t\t<\/div>\r\n\t\t\r\n\t\t<h2 class=\"pgafu-post-title\">\r\n\t\t\t<a href=\"https:\/\/maxitracksensors.com\/es\/el-transporte-de-productos-brasil-citrus-se-realiza-con-registradores-de-datos-2ctemp-usb\/\">El transporte de productos Brasil Citrus se realiza con registradores de datos 2ctemp-USB<\/a>\r\n\t\t<\/h2>\r\n\r\n\t\t\t\t\t<div class=\"pgafu-post-categories\"><a href=\"https:\/\/maxitracksensors.com\/es\/category\/cases\/\">Cases<\/a> <a href=\"https:\/\/maxitracksensors.com\/es\/category\/ind-alimenticia\/\">Ind Alimenticia<\/a><\/div>\r\n\t\t\t\t\t<div class=\"pgafu-post-date\">\r\n\t\t\t\t\t\t\t<\/div>\r\n\t\t\t<\/div>\r\n<\/div><div class=\"pgafu-post-grid  pgafu-medium-4 pgafu-columns  pgafu-last\">\r\n\t<div class=\"pgafu-post-grid-content \">\r\n\t\t\t\t\t<div class=\"pgafu-post-image-bg\" style=\"\">\r\n\t\t\t\t<a href=\"https:\/\/maxitracksensors.com\/es\/catupiry-adopta-el-modelo-edl-rtd2-para-el-proceso-de-coccion\/\">\r\n\t\t\t\t\t<img decoding=\"async\" src=\"https:\/\/maxitracksensors.com\/wp-content\/uploads\/2021\/10\/catupiry.jpg\" alt=\"Catupiry adopta el modelo edl-RTD2 para el proceso de cocci\u00f3n\" \/>\r\n\t\t\t\t<\/a>\r\n\t\t\t<\/div>\r\n\t\t\r\n\t\t<h2 class=\"pgafu-post-title\">\r\n\t\t\t<a href=\"https:\/\/maxitracksensors.com\/es\/catupiry-adopta-el-modelo-edl-rtd2-para-el-proceso-de-coccion\/\">Catupiry adopta el modelo edl-RTD2 para el proceso de cocci\u00f3n<\/a>\r\n\t\t<\/h2>\r\n\r\n\t\t\t\t\t<div class=\"pgafu-post-categories\"><a href=\"https:\/\/maxitracksensors.com\/es\/category\/cases\/\">Cases<\/a> <a href=\"https:\/\/maxitracksensors.com\/es\/category\/ind-alimenticia\/\">Ind Alimenticia<\/a><\/div>\r\n\t\t\t\t\t<div class=\"pgafu-post-date\">\r\n\t\t\t\t\t\t\t<\/div>\r\n\t\t\t<\/div>\r\n<\/div><div class=\"pgafu-post-grid  pgafu-medium-4 pgafu-columns  pgafu-first\">\r\n\t<div class=\"pgafu-post-grid-content \">\r\n\t\t\t\t\t<div class=\"pgafu-post-image-bg\" style=\"\">\r\n\t\t\t\t<a href=\"https:\/\/maxitracksensors.com\/es\/seguimiento-del-tiempo-de-congelacion-en-hemobras\/\">\r\n\t\t\t\t\t<img decoding=\"async\" src=\"https:\/\/maxitracksensors.com\/wp-content\/uploads\/2021\/10\/hemobras.jpg\" alt=\"Seguimiento del tiempo de congelaci\u00f3n en Hemobr\u00e1s\" \/>\r\n\t\t\t\t<\/a>\r\n\t\t\t<\/div>\r\n\t\t\r\n\t\t<h2 class=\"pgafu-post-title\">\r\n\t\t\t<a href=\"https:\/\/maxitracksensors.com\/es\/seguimiento-del-tiempo-de-congelacion-en-hemobras\/\">Seguimiento del tiempo de congelaci\u00f3n en Hemobr\u00e1s<\/a>\r\n\t\t<\/h2>\r\n\r\n\t\t\t\t\t<div class=\"pgafu-post-categories\"><a href=\"https:\/\/maxitracksensors.com\/es\/category\/cases\/\">Cases<\/a> <a href=\"https:\/\/maxitracksensors.com\/es\/category\/ind-alimenticia\/\">Ind Alimenticia<\/a><\/div>\r\n\t\t\t\t\t<div class=\"pgafu-post-date\">\r\n\t\t\t\t\t\t\t<\/div>\r\n\t\t\t<\/div>\r\n<\/div><div class=\"pgafu-post-grid  pgafu-medium-4 pgafu-columns \">\r\n\t<div class=\"pgafu-post-grid-content \">\r\n\t\t\t\t\t<div class=\"pgafu-post-image-bg\" style=\"\">\r\n\t\t\t\t<a href=\"https:\/\/maxitracksensors.com\/es\/hospital-sao-camilo-adota-o-sistema-i-dl-ethernet-web\/\">\r\n\t\t\t\t\t<img decoding=\"async\" src=\"https:\/\/maxitracksensors.com\/wp-content\/uploads\/2021\/10\/sao-camilo.jpg\" alt=\"Hospital S\u00e3o Camilo adopta el sistema WEB Ethernet i-DL\" \/>\r\n\t\t\t\t<\/a>\r\n\t\t\t<\/div>\r\n\t\t\r\n\t\t<h2 class=\"pgafu-post-title\">\r\n\t\t\t<a href=\"https:\/\/maxitracksensors.com\/es\/hospital-sao-camilo-adota-o-sistema-i-dl-ethernet-web\/\">Hospital S\u00e3o Camilo adopta el sistema WEB Ethernet i-DL<\/a>\r\n\t\t<\/h2>\r\n\r\n\t\t\t\t\t<div class=\"pgafu-post-categories\"><a href=\"https:\/\/maxitracksensors.com\/es\/category\/cases\/\">Cases<\/a> <a href=\"https:\/\/maxitracksensors.com\/es\/category\/ciencias-de-la-vida\/\">Ciencias de La Vida<\/a><\/div>\r\n\t\t\t\t\t<div class=\"pgafu-post-date\">\r\n\t\t\t\t\t\t\t<\/div>\r\n\t\t\t<\/div>\r\n<\/div><div class=\"pgafu-post-grid  pgafu-medium-4 pgafu-columns  pgafu-last\">\r\n\t<div class=\"pgafu-post-grid-content \">\r\n\t\t\t\t\t<div class=\"pgafu-post-image-bg\" style=\"\">\r\n\t\t\t\t<a href=\"https:\/\/maxitracksensors.com\/es\/nueva-aplicacion-sus-sensores-ahora-en-la-palma-de-su-mano\/\">\r\n\t\t\t\t\t<img decoding=\"async\" src=\"https:\/\/maxitracksensors.com\/wp-content\/uploads\/2021\/10\/nordwood-themes-q8U1YgBaRQk-unsplash.jpg\" alt=\"Nueva aplicaci\u00f3n: sus sensores ahora en la palma de su mano.\" \/>\r\n\t\t\t\t<\/a>\r\n\t\t\t<\/div>\r\n\t\t\r\n\t\t<h2 class=\"pgafu-post-title\">\r\n\t\t\t<a href=\"https:\/\/maxitracksensors.com\/es\/nueva-aplicacion-sus-sensores-ahora-en-la-palma-de-su-mano\/\">Nueva aplicaci\u00f3n: sus sensores ahora en la palma de su mano.<\/a>\r\n\t\t<\/h2>\r\n\r\n\t\t\t\t\t<div class=\"pgafu-post-categories\"><a href=\"https:\/\/maxitracksensors.com\/es\/category\/cases\/\">Cases<\/a><\/div>\r\n\t\t\t\t\t<div class=\"pgafu-post-date\">\r\n\t\t\t\t\t\t\t<\/div>\r\n\t\t\t<\/div>\r\n<\/div>\r\n\t\t\t\t\t\t\t<div class=\"pgafu-post-pagination pgafu-clearfix\">\r\n\t\t\t\t\t\t\t\t\t<\/div>\r\n\t\t\t\r\n\t\t<\/div>\r\n\r\n\t\t<\/div>\n\t\t\t\t\t\t<\/div>\n\t\t\t\t<\/div>\n\t\t\t\t\t<\/div>\n\t\t<\/div>\n\t\t\t\t\t<\/div>\n\t\t<\/section>\n\t\t\t\t<\/div>\n\t\t","protected":false},"excerpt":{"rendered":"<p>Cases<\/p>\n","protected":false},"author":1,"featured_media":0,"parent":0,"menu_order":0,"comment_status":"closed","ping_status":"closed","template":"elementor_header_footer","meta":{"footnotes":""},"class_list":["post-2624","page","type-page","status-publish","hentry"],"_links":{"self":[{"href":"https:\/\/maxitracksensors.com\/es\/wp-json\/wp\/v2\/pages\/2624","targetHints":{"allow":["GET"]}}],"collection":[{"href":"https:\/\/maxitracksensors.com\/es\/wp-json\/wp\/v2\/pages"}],"about":[{"href":"https:\/\/maxitracksensors.com\/es\/wp-json\/wp\/v2\/types\/page"}],"author":[{"embeddable":true,"href":"https:\/\/maxitracksensors.com\/es\/wp-json\/wp\/v2\/users\/1"}],"replies":[{"embeddable":true,"href":"https:\/\/maxitracksensors.com\/es\/wp-json\/wp\/v2\/comments?post=2624"}],"version-history":[{"count":1,"href":"https:\/\/maxitracksensors.com\/es\/wp-json\/wp\/v2\/pages\/2624\/revisions"}],"predecessor-version":[{"id":2625,"href":"https:\/\/maxitracksensors.com\/es\/wp-json\/wp\/v2\/pages\/2624\/revisions\/2625"}],"wp:attachment":[{"href":"https:\/\/maxitracksensors.com\/es\/wp-json\/wp\/v2\/media?parent=2624"}],"curies":[{"name":"wp","href":"https:\/\/api.w.org\/{rel}","templated":true}]}}