{"id":2654,"date":"2021-09-23T15:26:42","date_gmt":"2021-09-23T15:26:42","guid":{"rendered":"https:\/\/maxitracksensors.com\/laboratorio-de-validacao\/"},"modified":"2021-11-24T14:52:49","modified_gmt":"2021-11-24T14:52:49","slug":"cualificacion-y-validacion","status":"publish","type":"page","link":"https:\/\/maxitracksensors.com\/es\/servicos\/cualificacion-y-validacion\/","title":{"rendered":"Cualificaci\u00f3n y validaci\u00f3n"},"content":{"rendered":"\t\t<div data-elementor-type=\"wp-page\" data-elementor-id=\"2654\" class=\"elementor elementor-2654 elementor-676\">\n\t\t\t\t\t\t<section class=\"elementor-section elementor-top-section elementor-element elementor-element-12bfee19 elementor-section-full_width elementor-section-content-middle elementor-section-height-min-height elementor-section-height-default elementor-section-items-middle\" data-id=\"12bfee19\" data-element_type=\"section\" data-e-type=\"section\">\n\t\t\t\t\t\t\t<div class=\"elementor-background-overlay\"><\/div>\n\t\t\t\t\t\t\t<div class=\"elementor-container elementor-column-gap-no\">\n\t\t\t\t\t<div class=\"elementor-column elementor-col-50 elementor-top-column elementor-element elementor-element-119f9812\" data-id=\"119f9812\" data-element_type=\"column\" data-e-type=\"column\">\n\t\t\t<div class=\"elementor-widget-wrap elementor-element-populated\">\n\t\t\t\t\t\t<div class=\"elementor-element elementor-element-3b8e7c59 elementor-widget elementor-widget-text-editor\" data-id=\"3b8e7c59\" data-element_type=\"widget\" data-e-type=\"widget\" data-widget_type=\"text-editor.default\">\n\t\t\t\t<div class=\"elementor-widget-container\">\n\t\t\t\t\t\t\t\t\t<p>servicios<\/p>\t\t\t\t\t\t\t\t<\/div>\n\t\t\t\t<\/div>\n\t\t\t\t<div class=\"elementor-element elementor-element-650eab5 elementor-widget elementor-widget-image\" data-id=\"650eab5\" data-element_type=\"widget\" data-e-type=\"widget\" data-widget_type=\"image.default\">\n\t\t\t\t<div class=\"elementor-widget-container\">\n\t\t\t\t\t\t\t\t\t\t\t\t\t\t\t<img decoding=\"async\" width=\"128\" height=\"128\" src=\"https:\/\/maxitracksensors.com\/wp-content\/uploads\/2021\/09\/search.png\" class=\"attachment-large size-large wp-image-3100\" alt=\"\" \/>\t\t\t\t\t\t\t\t\t\t\t\t\t\t\t<\/div>\n\t\t\t\t<\/div>\n\t\t\t\t<div class=\"elementor-element elementor-element-7c361ba3 elementor-widget elementor-widget-heading\" data-id=\"7c361ba3\" data-element_type=\"widget\" data-e-type=\"widget\" data-widget_type=\"heading.default\">\n\t\t\t\t<div class=\"elementor-widget-container\">\n\t\t\t\t\t<h3 class=\"elementor-heading-title elementor-size-default\">Cualificaci\u00f3n y validaci\u00f3n<\/h3>\t\t\t\t<\/div>\n\t\t\t\t<\/div>\n\t\t\t\t<div class=\"elementor-element elementor-element-117f357 elementor-align-left elementor-widget elementor-widget-button\" data-id=\"117f357\" data-element_type=\"widget\" data-e-type=\"widget\" data-widget_type=\"button.default\">\n\t\t\t\t<div class=\"elementor-widget-container\">\n\t\t\t\t\t\t\t\t\t<div class=\"elementor-button-wrapper\">\n\t\t\t\t\t<a class=\"elementor-button elementor-button-link elementor-size-xs\" href=\"#cont\">\n\t\t\t\t\t\t<span class=\"elementor-button-content-wrapper\">\n\t\t\t\t\t\t<span class=\"elementor-button-icon\">\n\t\t\t\t<svg aria-hidden=\"true\" class=\"e-font-icon-svg e-far-arrow-alt-circle-down\" viewBox=\"0 0 512 512\" xmlns=\"http:\/\/www.w3.org\/2000\/svg\"><path d=\"M256 8C119 8 8 119 8 256s111 248 248 248 248-111 248-248S393 8 256 8zm0 448c-110.5 0-200-89.5-200-200S145.5 56 256 56s200 89.5 200 200-89.5 200-200 200zm-32-316v116h-67c-10.7 0-16 12.9-8.5 20.5l99 99c4.7 4.7 12.3 4.7 17 0l99-99c7.6-7.6 2.2-20.5-8.5-20.5h-67V140c0-6.6-5.4-12-12-12h-40c-6.6 0-12 5.4-12 12z\"><\/path><\/svg>\t\t\t<\/span>\n\t\t\t\t\t\t\t\t<\/span>\n\t\t\t\t\t<\/a>\n\t\t\t\t<\/div>\n\t\t\t\t\t\t\t\t<\/div>\n\t\t\t\t<\/div>\n\t\t\t\t\t<\/div>\n\t\t<\/div>\n\t\t\t\t<div class=\"elementor-column elementor-col-50 elementor-top-column elementor-element elementor-element-216a589a\" data-id=\"216a589a\" data-element_type=\"column\" data-e-type=\"column\">\n\t\t\t<div class=\"elementor-widget-wrap elementor-element-populated\">\n\t\t\t\t\t\t<div class=\"elementor-element elementor-element-3bcd8313 elementor-widget elementor-widget-image\" data-id=\"3bcd8313\" data-element_type=\"widget\" data-e-type=\"widget\" data-widget_type=\"image.default\">\n\t\t\t\t<div class=\"elementor-widget-container\">\n\t\t\t\t\t\t\t\t\t\t\t\t\t\t\t<img fetchpriority=\"high\" decoding=\"async\" width=\"640\" height=\"853\" src=\"https:\/\/maxitracksensors.com\/wp-content\/uploads\/2021\/10\/eco-warrior-princess-lUShu7PHIGA-unsplash.jpg\" class=\"attachment-full size-full wp-image-2657\" alt=\"\" srcset=\"https:\/\/maxitracksensors.com\/wp-content\/uploads\/2021\/10\/eco-warrior-princess-lUShu7PHIGA-unsplash.jpg 640w, https:\/\/maxitracksensors.com\/wp-content\/uploads\/2021\/10\/eco-warrior-princess-lUShu7PHIGA-unsplash-225x300.jpg 225w, https:\/\/maxitracksensors.com\/wp-content\/uploads\/2021\/10\/eco-warrior-princess-lUShu7PHIGA-unsplash-450x600.jpg 450w, https:\/\/maxitracksensors.com\/wp-content\/uploads\/2021\/10\/eco-warrior-princess-lUShu7PHIGA-unsplash-120x160.jpg 120w\" sizes=\"(max-width: 640px) 100vw, 640px\" \/>\t\t\t\t\t\t\t\t\t\t\t\t\t\t\t<\/div>\n\t\t\t\t<\/div>\n\t\t\t\t\t<\/div>\n\t\t<\/div>\n\t\t\t\t\t<\/div>\n\t\t<\/section>\n\t\t\t\t<section class=\"elementor-section elementor-top-section elementor-element elementor-element-3afd2292 elementor-section-content-middle elementor-section-boxed elementor-section-height-default elementor-section-height-default\" data-id=\"3afd2292\" data-element_type=\"section\" data-e-type=\"section\" id=\"cont\" data-settings=\"{&quot;background_background&quot;:&quot;classic&quot;}\">\n\t\t\t\t\t\t\t<div class=\"elementor-background-overlay\"><\/div>\n\t\t\t\t\t\t\t<div class=\"elementor-container elementor-column-gap-no\">\n\t\t\t\t\t<div class=\"elementor-column elementor-col-50 elementor-top-column elementor-element elementor-element-6ffada13\" data-id=\"6ffada13\" data-element_type=\"column\" data-e-type=\"column\">\n\t\t\t<div class=\"elementor-widget-wrap elementor-element-populated\">\n\t\t\t\t\t\t<div class=\"elementor-element elementor-element-1270eb54 elementor-widget-divider--view-line elementor-widget elementor-widget-divider\" data-id=\"1270eb54\" data-element_type=\"widget\" data-e-type=\"widget\" data-widget_type=\"divider.default\">\n\t\t\t\t<div class=\"elementor-widget-container\">\n\t\t\t\t\t\t\t<div class=\"elementor-divider\">\n\t\t\t<span class=\"elementor-divider-separator\">\n\t\t\t\t\t\t<\/span>\n\t\t<\/div>\n\t\t\t\t\t\t<\/div>\n\t\t\t\t<\/div>\n\t\t\t\t\t<\/div>\n\t\t<\/div>\n\t\t\t\t<div class=\"elementor-column elementor-col-50 elementor-top-column elementor-element elementor-element-531b1b90\" data-id=\"531b1b90\" data-element_type=\"column\" data-e-type=\"column\">\n\t\t\t<div class=\"elementor-widget-wrap elementor-element-populated\">\n\t\t\t\t\t\t<div class=\"elementor-element elementor-element-6af834b4 elementor-widget elementor-widget-text-editor\" data-id=\"6af834b4\" data-element_type=\"widget\" data-e-type=\"widget\" data-widget_type=\"text-editor.default\">\n\t\t\t\t<div class=\"elementor-widget-container\">\n\t\t\t\t\t\t\t\t\t<p><strong>MaxiTrack Sensors<\/strong> est\u00e1 habilitado para realizar Ensayos de Calificaci\u00f3n en Invernaderos, Auto-Claves, Incubadoras, Ba\u00f1os Termales y C\u00e1maras Clim\u00e1ticas.<\/p><p>Participamos ampliamente en los procesos de validaci\u00f3n de ciclos de lavadoras y termodesinfectadoras seg\u00fan est\u00e1ndares internacionales.<\/p><p>Para garantizar los resultados de las pruebas, contamos con software de \u00faltima generaci\u00f3n (21 CFR &#8211; Parte 11 FDA Compliance) acompa\u00f1ado de sensores y \/ o mult\u00edmetros de diversas l\u00edneas de acci\u00f3n, aportando seguridad y confiabilidad a los protocolos involucrados en el proceso.<\/p><p>Toda la informaci\u00f3n y los datos generados durante el proceso de Calificaci\u00f3n y Validaci\u00f3n se archivan en un entorno seguro, con total trazabilidad y acceso autorizado al cliente.<\/p><p>Solicite m\u00e1s informaci\u00f3n y conozca nuestros Data Loggers y Sistemas de Monitoreo con software validado de acuerdo con la Agencia Europea de Medicamentos y FDA (est\u00e1ndar 21 CFR &#8211; Parte 11).<\/p>\t\t\t\t\t\t\t\t<\/div>\n\t\t\t\t<\/div>\n\t\t\t\t\t<\/div>\n\t\t<\/div>\n\t\t\t\t\t<\/div>\n\t\t<\/section>\n\t\t\t\t<section class=\"elementor-section elementor-top-section elementor-element elementor-element-b32ac06 elementor-section-boxed elementor-section-height-default elementor-section-height-default\" data-id=\"b32ac06\" data-element_type=\"section\" data-e-type=\"section\">\n\t\t\t\t\t\t<div class=\"elementor-container elementor-column-gap-default\">\n\t\t\t\t\t<div class=\"elementor-column elementor-col-100 elementor-top-column elementor-element elementor-element-ffb31fb\" data-id=\"ffb31fb\" data-element_type=\"column\" data-e-type=\"column\">\n\t\t\t<div class=\"elementor-widget-wrap\">\n\t\t\t\t\t\t\t<\/div>\n\t\t<\/div>\n\t\t\t\t\t<\/div>\n\t\t<\/section>\n\t\t\t\t<\/div>\n\t\t","protected":false},"excerpt":{"rendered":"<p>servicios Cualificaci\u00f3n y validaci\u00f3n MaxiTrack Sensors est\u00e1 habilitado para realizar Ensayos de Calificaci\u00f3n en Invernaderos, Auto-Claves, Incubadoras, Ba\u00f1os Termales y C\u00e1maras Clim\u00e1ticas. Participamos ampliamente en los procesos de validaci\u00f3n de &#8230;<\/p>\n","protected":false},"author":1,"featured_media":0,"parent":2677,"menu_order":0,"comment_status":"closed","ping_status":"closed","template":"elementor_header_footer","meta":{"footnotes":""},"class_list":["post-2654","page","type-page","status-publish","hentry"],"_links":{"self":[{"href":"https:\/\/maxitracksensors.com\/es\/wp-json\/wp\/v2\/pages\/2654","targetHints":{"allow":["GET"]}}],"collection":[{"href":"https:\/\/maxitracksensors.com\/es\/wp-json\/wp\/v2\/pages"}],"about":[{"href":"https:\/\/maxitracksensors.com\/es\/wp-json\/wp\/v2\/types\/page"}],"author":[{"embeddable":true,"href":"https:\/\/maxitracksensors.com\/es\/wp-json\/wp\/v2\/users\/1"}],"replies":[{"embeddable":true,"href":"https:\/\/maxitracksensors.com\/es\/wp-json\/wp\/v2\/comments?post=2654"}],"version-history":[{"count":5,"href":"https:\/\/maxitracksensors.com\/es\/wp-json\/wp\/v2\/pages\/2654\/revisions"}],"predecessor-version":[{"id":3188,"href":"https:\/\/maxitracksensors.com\/es\/wp-json\/wp\/v2\/pages\/2654\/revisions\/3188"}],"up":[{"embeddable":true,"href":"https:\/\/maxitracksensors.com\/es\/wp-json\/wp\/v2\/pages\/2677"}],"wp:attachment":[{"href":"https:\/\/maxitracksensors.com\/es\/wp-json\/wp\/v2\/media?parent=2654"}],"curies":[{"name":"wp","href":"https:\/\/api.w.org\/{rel}","templated":true}]}}