{"id":2684,"date":"2021-08-20T23:34:48","date_gmt":"2021-08-20T23:34:48","guid":{"rendered":"https:\/\/maxitracksensors.com\/solucoes\/"},"modified":"2022-07-08T20:04:20","modified_gmt":"2022-07-08T20:04:20","slug":"soluciones","status":"publish","type":"page","link":"https:\/\/maxitracksensors.com\/es\/soluciones\/","title":{"rendered":"Soluciones"},"content":{"rendered":"\t\t<div data-elementor-type=\"wp-page\" data-elementor-id=\"2684\" class=\"elementor elementor-2684 elementor-390\">\n\t\t\t\t\t\t<section class=\"elementor-section elementor-top-section elementor-element elementor-element-12bfee19 elementor-section-full_width elementor-section-content-middle elementor-section-height-min-height elementor-section-height-default elementor-section-items-middle\" data-id=\"12bfee19\" data-element_type=\"section\" data-e-type=\"section\">\n\t\t\t\t\t\t\t<div class=\"elementor-background-overlay\"><\/div>\n\t\t\t\t\t\t\t<div class=\"elementor-container elementor-column-gap-no\">\n\t\t\t\t\t<div class=\"elementor-column elementor-col-100 elementor-top-column elementor-element elementor-element-119f9812\" data-id=\"119f9812\" data-element_type=\"column\" data-e-type=\"column\">\n\t\t\t<div class=\"elementor-widget-wrap elementor-element-populated\">\n\t\t\t\t\t\t<div class=\"elementor-element elementor-element-3b8e7c59 elementor-widget elementor-widget-text-editor\" data-id=\"3b8e7c59\" data-element_type=\"widget\" data-e-type=\"widget\" data-widget_type=\"text-editor.default\">\n\t\t\t\t<div class=\"elementor-widget-container\">\n\t\t\t\t\t\t\t\t\t<p>maxitrack sensors<\/p>\t\t\t\t\t\t\t\t<\/div>\n\t\t\t\t<\/div>\n\t\t\t\t<div class=\"elementor-element elementor-element-7c361ba3 elementor-widget elementor-widget-heading\" data-id=\"7c361ba3\" data-element_type=\"widget\" data-e-type=\"widget\" data-widget_type=\"heading.default\">\n\t\t\t\t<div class=\"elementor-widget-container\">\n\t\t\t\t\t<h3 class=\"elementor-heading-title elementor-size-default\">Soluciones<\/h3>\t\t\t\t<\/div>\n\t\t\t\t<\/div>\n\t\t\t\t\t<\/div>\n\t\t<\/div>\n\t\t\t\t\t<\/div>\n\t\t<\/section>\n\t\t\t\t<section class=\"elementor-section elementor-top-section elementor-element elementor-element-182eeba3 elementor-section-boxed elementor-section-height-default elementor-section-height-default\" data-id=\"182eeba3\" data-element_type=\"section\" data-e-type=\"section\">\n\t\t\t\t\t\t\t<div class=\"elementor-background-overlay\"><\/div>\n\t\t\t\t\t\t\t<div class=\"elementor-container elementor-column-gap-default\">\n\t\t\t\t\t<div class=\"elementor-column elementor-col-25 elementor-top-column elementor-element elementor-element-15f2c5d3\" data-id=\"15f2c5d3\" data-element_type=\"column\" data-e-type=\"column\">\n\t\t\t<div class=\"elementor-widget-wrap elementor-element-populated\">\n\t\t\t\t\t\t<div class=\"elementor-element elementor-element-eb7a668 eae-fb-animate-horizontal elementor-widget elementor-widget-wts-flipbox\" data-id=\"eb7a668\" data-element_type=\"widget\" data-e-type=\"widget\" data-widget_type=\"wts-flipbox.default\">\n\t\t\t\t<div class=\"elementor-widget-container\">\n\t\t\t\t\t\t\t<div class=\"eae-flip-box-wrapper\">\n\t\t\t<div class=\"eae-flip-box-inner\" onclick=\"\">\n\n\t\t\t\t<div class=\"eae-flip-box-front\">\n\t\t\t\t\t<div class=\"flipbox-content\">\n\t\t\t\t\t\t\t\t\t\t\t\t\t<div class=\"icon-wrapper eae-fb-icon-view-default eae-fb-icon-shape-\">\n\t\t\t\t\t\t\t\t\t\t\t\t\t\t\t<\/div>\n\t\t\t\t\t\t\n\t\t\t\t\t\t<h3 class=\"front-icon-title\">Industria alimenticia<\/h3>\n\t\t\t\t\t\t\t\t\t\t\t<\/div>\n\t\t\t\t<\/div>\n\n\t\t\t\t<div class=\"eae-flip-box-back\">\n\t\t\t\t\t<div class=\"flipbox-content\">\n\t\t\t\t\t\t\t\t\t\t\t\t\t<div class=\"icon-wrapper eae-fb-icon-view-default eae-fb-icon-shape-\">\n\t\t\t\t\t\t\t\t\t\t\t\t\t\t\t<\/div>\n\t\t\t\t\t\t\n\t\t\t\t\t\t<h3 class=\"back-icon-title\">Cumplimiento de HACCP y m\u00e1xima precisi\u00f3n<\/h3>\n\t\t\t\t\t\t\t\t\t\t\t\t\t<p>\n\t\t\t\t\t\t\t\tData Loggers y sistemas de gesti\u00f3n que sirven a toda la cadena de fr\u00edo\t\t\t\t\t\t\t<\/p>\n\t\t\t\t\t\t\n\t\t\t\t\t\t\t\t\t\t\t\t\t<div class=\"eae-fb-button-wrapper\">\n\t\t\t\t\t\t\t\t<a class=\"eae-fb-button\" href=\"https:\/\/maxitracksensors.com\/es\/soluciones\/alimenticios\/\">\n\t\t\t\t\t\t\t\t\t<span class=\"elementor-button-text\">+ Ver m\u00e1s<\/span>\n\t\t\t\t\t\t\t\t<\/a>\n\t\t\t\t\t\t\t<\/div>\n\t\t\t\t\t\t\t\t\t\t\t<\/div>\n\t\t\t\t<\/div>\n\n\t\t\t<\/div>\n\t\t<\/div>\n\t\t\t\t\t\t<\/div>\n\t\t\t\t<\/div>\n\t\t\t\t\t<\/div>\n\t\t<\/div>\n\t\t\t\t<div class=\"elementor-column elementor-col-25 elementor-top-column elementor-element elementor-element-a31a85\" data-id=\"a31a85\" data-element_type=\"column\" data-e-type=\"column\">\n\t\t\t<div class=\"elementor-widget-wrap elementor-element-populated\">\n\t\t\t\t\t\t<div class=\"elementor-element elementor-element-79161ccd eae-fb-animate-horizontal elementor-widget elementor-widget-wts-flipbox\" data-id=\"79161ccd\" data-element_type=\"widget\" data-e-type=\"widget\" data-widget_type=\"wts-flipbox.default\">\n\t\t\t\t<div class=\"elementor-widget-container\">\n\t\t\t\t\t\t\t<div class=\"eae-flip-box-wrapper\">\n\t\t\t<div class=\"eae-flip-box-inner\" onclick=\"\">\n\n\t\t\t\t<div class=\"eae-flip-box-front\">\n\t\t\t\t\t<div class=\"flipbox-content\">\n\t\t\t\t\t\t\t\t\t\t\t\t\t<div class=\"icon-wrapper eae-fb-icon-view-default eae-fb-icon-shape-\">\n\t\t\t\t\t\t\t\t\t\t\t\t\t\t\t<\/div>\n\t\t\t\t\t\t\n\t\t\t\t\t\t<h3 class=\"front-icon-title\">Ciencias de la vida<\/h3>\n\t\t\t\t\t\t\t\t\t\t\t<\/div>\n\t\t\t\t<\/div>\n\n\t\t\t\t<div class=\"eae-flip-box-back\">\n\t\t\t\t\t<div class=\"flipbox-content\">\n\t\t\t\t\t\t\t\t\t\t\t\t\t<div class=\"icon-wrapper eae-fb-icon-view-default eae-fb-icon-shape-\">\n\t\t\t\t\t\t\t\t\t\t\t\t\t\t\t<\/div>\n\t\t\t\t\t\t\n\t\t\t\t\t\t<h3 class=\"back-icon-title\">Control de calidad y seguridad<\/h3>\n\t\t\t\t\t\t\t\t\t\t\t\t\t<p>\n\t\t\t\t\t\t\t\tControl eficiente de productos termosensibles en situaciones de almacenamiento y transporte\t\t\t\t\t\t\t<\/p>\n\t\t\t\t\t\t\n\t\t\t\t\t\t\t\t\t\t\t\t\t<div class=\"eae-fb-button-wrapper\">\n\t\t\t\t\t\t\t\t<a class=\"eae-fb-button\" href=\"https:\/\/maxitracksensors.com\/es\/soluciones\/ciencia-da-vida\/\">\n\t\t\t\t\t\t\t\t\t<span class=\"elementor-button-text\">+ Ver m\u00e1s<\/span>\n\t\t\t\t\t\t\t\t<\/a>\n\t\t\t\t\t\t\t<\/div>\n\t\t\t\t\t\t\t\t\t\t\t<\/div>\n\t\t\t\t<\/div>\n\n\t\t\t<\/div>\n\t\t<\/div>\n\t\t\t\t\t\t<\/div>\n\t\t\t\t<\/div>\n\t\t\t\t\t<\/div>\n\t\t<\/div>\n\t\t\t\t<div class=\"elementor-column elementor-col-25 elementor-top-column elementor-element elementor-element-472305a4\" data-id=\"472305a4\" data-element_type=\"column\" data-e-type=\"column\">\n\t\t\t<div class=\"elementor-widget-wrap elementor-element-populated\">\n\t\t\t\t\t\t<div class=\"elementor-element elementor-element-70a9219c eae-fb-animate-horizontal elementor-widget elementor-widget-wts-flipbox\" data-id=\"70a9219c\" data-element_type=\"widget\" data-e-type=\"widget\" data-widget_type=\"wts-flipbox.default\">\n\t\t\t\t<div class=\"elementor-widget-container\">\n\t\t\t\t\t\t\t<div class=\"eae-flip-box-wrapper\">\n\t\t\t<div class=\"eae-flip-box-inner\" onclick=\"\">\n\n\t\t\t\t<div class=\"eae-flip-box-front\">\n\t\t\t\t\t<div class=\"flipbox-content\">\n\t\t\t\t\t\t\t\t\t\t\t\t\t<div class=\"icon-wrapper eae-fb-icon-view-default eae-fb-icon-shape-\">\n\t\t\t\t\t\t\t\t\t\t\t\t\t\t\t<\/div>\n\t\t\t\t\t\t\n\t\t\t\t\t\t<h3 class=\"front-icon-title\">DATA CENTERS<\/h3>\n\t\t\t\t\t\t\t\t\t\t\t<\/div>\n\t\t\t\t<\/div>\n\n\t\t\t\t<div class=\"eae-flip-box-back\">\n\t\t\t\t\t<div class=\"flipbox-content\">\n\t\t\t\t\t\t\t\t\t\t\t\t\t<div class=\"icon-wrapper eae-fb-icon-view-default eae-fb-icon-shape-\">\n\t\t\t\t\t\t\t\t\t\t\t\t\t\t\t<\/div>\n\t\t\t\t\t\t\n\t\t\t\t\t\t<h3 class=\"back-icon-title\">Monitoreo completo de Data Centers<\/h3>\n\t\t\t\t\t\t\t\t\t\t\t\t\t<p>\n\t\t\t\t\t\t\t\tLas tecnolog\u00edas m\u00e1s avanzadas en term\u00f3metros, termohigr\u00f3metros, registradores de datos y accesorios a tu alcance\t\t\t\t\t\t\t<\/p>\n\t\t\t\t\t\t\n\t\t\t\t\t\t\t\t\t\t\t\t\t<div class=\"eae-fb-button-wrapper\">\n\t\t\t\t\t\t\t\t<a class=\"eae-fb-button\" href=\"https:\/\/maxitracksensors.com\/es\/soluciones\/data-centers\/\">\n\t\t\t\t\t\t\t\t\t<span class=\"elementor-button-text\">+ Ver m\u00e1s<\/span>\n\t\t\t\t\t\t\t\t<\/a>\n\t\t\t\t\t\t\t<\/div>\n\t\t\t\t\t\t\t\t\t\t\t<\/div>\n\t\t\t\t<\/div>\n\n\t\t\t<\/div>\n\t\t<\/div>\n\t\t\t\t\t\t<\/div>\n\t\t\t\t<\/div>\n\t\t\t\t\t<\/div>\n\t\t<\/div>\n\t\t\t\t<div class=\"elementor-column elementor-col-25 elementor-top-column elementor-element elementor-element-4e689da2\" data-id=\"4e689da2\" data-element_type=\"column\" data-e-type=\"column\">\n\t\t\t<div class=\"elementor-widget-wrap elementor-element-populated\">\n\t\t\t\t\t\t<div class=\"elementor-element elementor-element-6aab098b eae-fb-animate-horizontal elementor-widget elementor-widget-wts-flipbox\" data-id=\"6aab098b\" data-element_type=\"widget\" data-e-type=\"widget\" data-widget_type=\"wts-flipbox.default\">\n\t\t\t\t<div class=\"elementor-widget-container\">\n\t\t\t\t\t\t\t<div class=\"eae-flip-box-wrapper\">\n\t\t\t<div class=\"eae-flip-box-inner\" onclick=\"\">\n\n\t\t\t\t<div class=\"eae-flip-box-front\">\n\t\t\t\t\t<div class=\"flipbox-content\">\n\t\t\t\t\t\t\t\t\t\t\t\t\t<div class=\"icon-wrapper eae-fb-icon-view-default eae-fb-icon-shape-\">\n\t\t\t\t\t\t\t\t\t\t\t\t\t\t\t<\/div>\n\t\t\t\t\t\t\n\t\t\t\t\t\t<h3 class=\"front-icon-title\">INDUSTRIAL<\/h3>\n\t\t\t\t\t\t\t\t\t\t\t<\/div>\n\t\t\t\t<\/div>\n\n\t\t\t\t<div class=\"eae-flip-box-back\">\n\t\t\t\t\t<div class=\"flipbox-content\">\n\t\t\t\t\t\t\t\t\t\t\t\t\t<div class=\"icon-wrapper eae-fb-icon-view-default eae-fb-icon-shape-\">\n\t\t\t\t\t\t\t\t\t\t\t\t\t\t\t<\/div>\n\t\t\t\t\t\t\n\t\t\t\t\t\t<h3 class=\"back-icon-title\">Soluciones de medici\u00f3n para el control de procesos<\/h3>\n\t\t\t\t\t\t\t\t\t\t\t\t\t<p>\n\t\t\t\t\t\t\t\tProyectos y sistemas integrados de medici\u00f3n y registro de variables, para un control total de la producci\u00f3n\t\t\t\t\t\t\t<\/p>\n\t\t\t\t\t\t\n\t\t\t\t\t\t\t\t\t\t\t\t\t<div class=\"eae-fb-button-wrapper\">\n\t\t\t\t\t\t\t\t<a class=\"eae-fb-button\" href=\"https:\/\/maxitracksensors.com\/es\/soluciones\/industrial\/\">\n\t\t\t\t\t\t\t\t\t<span class=\"elementor-button-text\">+ Ver m\u00e1s<\/span>\n\t\t\t\t\t\t\t\t<\/a>\n\t\t\t\t\t\t\t<\/div>\n\t\t\t\t\t\t\t\t\t\t\t<\/div>\n\t\t\t\t<\/div>\n\n\t\t\t<\/div>\n\t\t<\/div>\n\t\t\t\t\t\t<\/div>\n\t\t\t\t<\/div>\n\t\t\t\t\t<\/div>\n\t\t<\/div>\n\t\t\t\t\t<\/div>\n\t\t<\/section>\n\t\t\t\t<\/div>\n\t\t","protected":false},"excerpt":{"rendered":"<p>maxitrack sensors Soluciones Industria alimenticia Cumplimiento de HACCP y m\u00e1xima precisi\u00f3n Data Loggers y sistemas de gesti\u00f3n que sirven a toda la cadena de fr\u00edo + Ver m\u00e1s Ciencias de &#8230;<\/p>\n","protected":false},"author":1,"featured_media":0,"parent":0,"menu_order":0,"comment_status":"closed","ping_status":"closed","template":"elementor_header_footer","meta":{"footnotes":""},"class_list":["post-2684","page","type-page","status-publish","hentry"],"_links":{"self":[{"href":"https:\/\/maxitracksensors.com\/es\/wp-json\/wp\/v2\/pages\/2684","targetHints":{"allow":["GET"]}}],"collection":[{"href":"https:\/\/maxitracksensors.com\/es\/wp-json\/wp\/v2\/pages"}],"about":[{"href":"https:\/\/maxitracksensors.com\/es\/wp-json\/wp\/v2\/types\/page"}],"author":[{"embeddable":true,"href":"https:\/\/maxitracksensors.com\/es\/wp-json\/wp\/v2\/users\/1"}],"replies":[{"embeddable":true,"href":"https:\/\/maxitracksensors.com\/es\/wp-json\/wp\/v2\/comments?post=2684"}],"version-history":[{"count":10,"href":"https:\/\/maxitracksensors.com\/es\/wp-json\/wp\/v2\/pages\/2684\/revisions"}],"predecessor-version":[{"id":4412,"href":"https:\/\/maxitracksensors.com\/es\/wp-json\/wp\/v2\/pages\/2684\/revisions\/4412"}],"wp:attachment":[{"href":"https:\/\/maxitracksensors.com\/es\/wp-json\/wp\/v2\/media?parent=2684"}],"curies":[{"name":"wp","href":"https:\/\/api.w.org\/{rel}","templated":true}]}}