{"id":5945,"date":"2024-12-19T19:57:32","date_gmt":"2024-12-19T19:57:32","guid":{"rendered":"https:\/\/maxitracksensors.com\/garantia\/"},"modified":"2024-12-19T19:57:32","modified_gmt":"2024-12-19T19:57:32","slug":"garantia","status":"publish","type":"page","link":"https:\/\/maxitracksensors.com\/es\/garantia\/","title":{"rendered":"Garant\u00eda"},"content":{"rendered":"\t\t<div data-elementor-type=\"wp-page\" data-elementor-id=\"5945\" class=\"elementor elementor-5945 elementor-5514\">\n\t\t\t\t\t\t<section class=\"elementor-section elementor-top-section elementor-element elementor-element-12bfee19 elementor-section-full_width elementor-section-content-middle elementor-section-height-min-height elementor-section-height-default elementor-section-items-middle\" data-id=\"12bfee19\" data-element_type=\"section\" data-e-type=\"section\" data-settings=\"{&quot;background_background&quot;:&quot;classic&quot;}\">\n\t\t\t\t\t\t\t<div class=\"elementor-background-overlay\"><\/div>\n\t\t\t\t\t\t\t<div class=\"elementor-container elementor-column-gap-no\">\n\t\t\t\t\t<div class=\"elementor-column elementor-col-50 elementor-top-column elementor-element elementor-element-119f9812\" data-id=\"119f9812\" data-element_type=\"column\" data-e-type=\"column\">\n\t\t\t<div class=\"elementor-widget-wrap elementor-element-populated\">\n\t\t\t\t\t\t<div class=\"elementor-element elementor-element-3b8e7c59 elementor-widget elementor-widget-text-editor\" data-id=\"3b8e7c59\" data-element_type=\"widget\" data-e-type=\"widget\" data-widget_type=\"text-editor.default\">\n\t\t\t\t<div class=\"elementor-widget-container\">\n\t\t\t\t\t\t\t\t\t<p>MaxiTrack<\/p>\n\t\t\t\t\t\t\t\t<\/div>\n\t\t\t\t<\/div>\n\t\t\t\t<div class=\"elementor-element elementor-element-7c361ba3 elementor-widget elementor-widget-heading\" data-id=\"7c361ba3\" data-element_type=\"widget\" data-e-type=\"widget\" data-widget_type=\"heading.default\">\n\t\t\t\t<div class=\"elementor-widget-container\">\n\t\t\t\t\t<h3 class=\"elementor-heading-title elementor-size-default\">T\u00e9rminos de Garant\u00eda<\/h3>\t\t\t\t<\/div>\n\t\t\t\t<\/div>\n\t\t\t\t\t<\/div>\n\t\t<\/div>\n\t\t\t\t<div class=\"elementor-column elementor-col-50 elementor-top-column elementor-element elementor-element-216a589a\" data-id=\"216a589a\" data-element_type=\"column\" data-e-type=\"column\">\n\t\t\t<div class=\"elementor-widget-wrap\">\n\t\t\t\t\t\t\t<\/div>\n\t\t<\/div>\n\t\t\t\t\t<\/div>\n\t\t<\/section>\n\t\t\t\t<section class=\"elementor-section elementor-top-section elementor-element elementor-element-b4e99b3 elementor-section-boxed elementor-section-height-default elementor-section-height-default\" data-id=\"b4e99b3\" data-element_type=\"section\" data-e-type=\"section\">\n\t\t\t\t\t\t<div class=\"elementor-container elementor-column-gap-default\">\n\t\t\t\t\t<div class=\"elementor-column elementor-col-100 elementor-top-column elementor-element elementor-element-fd7a757\" data-id=\"fd7a757\" data-element_type=\"column\" data-e-type=\"column\">\n\t\t\t<div class=\"elementor-widget-wrap elementor-element-populated\">\n\t\t\t\t\t\t<div class=\"elementor-element elementor-element-d34b37b elementor-widget elementor-widget-text-editor\" data-id=\"d34b37b\" data-element_type=\"widget\" data-e-type=\"widget\" data-widget_type=\"text-editor.default\">\n\t\t\t\t<div class=\"elementor-widget-container\">\n\t\t\t\t\t\t\t\t\t<ul>\n<li style=\"font-weight: 400;\" aria-level=\"1\"><span style=\"font-weight: 400;\">Todos los productos de MaxiTrack Sensors est\u00e1n garantizados contra defectos de materiales y mano de obra durante el per\u00edodo especificado en la declaraci\u00f3n de garant\u00eda, comenzando desde la fecha de compra. Cualquier producto defectuoso dentro del per\u00edodo de garant\u00eda ser\u00e1 reemplazado o reparado a la entera discreci\u00f3n de MaxiTrack Sensors.<\/span><\/li>\n<\/ul>\n<p>&nbsp;<\/p>\n<ul>\n<li style=\"font-weight: 400;\" aria-level=\"1\"><span style=\"font-weight: 400;\">ESTA GARANT\u00cdA SUSTITUYE TODAS LAS DEM\u00c1S GARANT\u00cdAS, EXPRESAS O IMPL\u00cdCITAS, INCLUYENDO GARANT\u00cdAS DE COMERCIABILIDAD, APTITUD PARA UN PROP\u00d3SITO PARTICULAR, DESEMPE\u00d1O U OTRAS.<\/span><\/li>\n<\/ul>\n<p>&nbsp;<\/p>\n<ul>\n<li style=\"font-weight: 400;\" aria-level=\"1\"><span style=\"font-weight: 400;\">MaxiTrack Sensors no es un experto en el campo t\u00e9cnico de sus clientes y, por lo tanto, no garantiza la idoneidad de sus productos para las aplicaciones elegidas por el cliente. MaxiTrack Sensors no se responsabiliza por el uso indebido, la aplicaci\u00f3n incorrecta o la modificaci\u00f3n no autorizada de sus productos. La obligaci\u00f3n de MaxiTrack Sensors bajo esta garant\u00eda limitada se limita estricta y exclusivamente a la reparaci\u00f3n o el reemplazo gratuito de los productos que se consideren defectuosos en materiales o mano de obra, siempre que el comprador notifique oportunamente por escrito a MaxiTrack Sensors cualquier reclamaci\u00f3n de garant\u00eda dentro del per\u00edodo de garant\u00eda y, si se solicita, devuelva los productos defectuosos a MaxiTrack Sensors.<\/span><\/li>\n<\/ul>\n<p>&nbsp;<\/p>\n<ul>\n<li style=\"font-weight: 400;\" aria-level=\"1\"><span style=\"font-weight: 400;\">MaxiTrack Sensors no asumir\u00e1 ning\u00fan gasto ni responsabilidad por reparaciones realizadas a sus productos fuera de su f\u00e1brica o distribuidores autorizados sin su consentimiento previo por escrito.<\/span><\/li>\n<\/ul>\n<p>&nbsp;<\/p>\n<ul>\n<li style=\"font-weight: 400;\" aria-level=\"1\"><span style=\"font-weight: 400;\">BAJO NINGUNA CIRCUNSTANCIA MaxiTrack Sensors SER\u00c1 RESPONSABLE DE RECLAMACIONES (BASADAS EN INCUMPLIMIENTO DE GARANT\u00cdA EXPRESA O IMPL\u00cdCITA, NEGLIGENCIA U OTRA CAUSA) POR DA\u00d1OS DIRECTOS, INMEDIATOS, INCIDENTALES, PREVISIBLES, CONSECUENTES O ESPECIALES.<\/span><\/li>\n<\/ul>\n<p>&nbsp;<\/p>\n<ul>\n<li style=\"font-weight: 400;\" aria-level=\"1\"><span style=\"font-weight: 400;\">MaxiTrack Sensors se reserva el derecho de cambiar sus especificaciones en cualquier momento sin previo aviso.<\/span><\/li>\n<\/ul>\n<p>&nbsp;<\/p>\n\t\t\t\t\t\t\t\t<\/div>\n\t\t\t\t<\/div>\n\t\t\t\t<div class=\"elementor-element elementor-element-e5ebc48 elementor-widget-divider--view-line elementor-widget elementor-widget-divider\" data-id=\"e5ebc48\" data-element_type=\"widget\" data-e-type=\"widget\" data-widget_type=\"divider.default\">\n\t\t\t\t<div class=\"elementor-widget-container\">\n\t\t\t\t\t\t\t<div class=\"elementor-divider\">\n\t\t\t<span class=\"elementor-divider-separator\">\n\t\t\t\t\t\t<\/span>\n\t\t<\/div>\n\t\t\t\t\t\t<\/div>\n\t\t\t\t<\/div>\n\t\t\t\t\t<\/div>\n\t\t<\/div>\n\t\t\t\t\t<\/div>\n\t\t<\/section>\n\t\t\t\t<\/div>\n\t\t","protected":false},"excerpt":{"rendered":"<p>MaxiTrack T\u00e9rminos de Garant\u00eda Todos los productos de MaxiTrack Sensors est\u00e1n garantizados contra defectos de materiales y mano de obra durante el per\u00edodo especificado en la declaraci\u00f3n de garant\u00eda, comenzando &#8230;<\/p>\n","protected":false},"author":1,"featured_media":0,"parent":0,"menu_order":0,"comment_status":"closed","ping_status":"closed","template":"elementor_header_footer","meta":{"footnotes":""},"class_list":["post-5945","page","type-page","status-publish","hentry"],"_links":{"self":[{"href":"https:\/\/maxitracksensors.com\/es\/wp-json\/wp\/v2\/pages\/5945","targetHints":{"allow":["GET"]}}],"collection":[{"href":"https:\/\/maxitracksensors.com\/es\/wp-json\/wp\/v2\/pages"}],"about":[{"href":"https:\/\/maxitracksensors.com\/es\/wp-json\/wp\/v2\/types\/page"}],"author":[{"embeddable":true,"href":"https:\/\/maxitracksensors.com\/es\/wp-json\/wp\/v2\/users\/1"}],"replies":[{"embeddable":true,"href":"https:\/\/maxitracksensors.com\/es\/wp-json\/wp\/v2\/comments?post=5945"}],"version-history":[{"count":1,"href":"https:\/\/maxitracksensors.com\/es\/wp-json\/wp\/v2\/pages\/5945\/revisions"}],"predecessor-version":[{"id":5946,"href":"https:\/\/maxitracksensors.com\/es\/wp-json\/wp\/v2\/pages\/5945\/revisions\/5946"}],"wp:attachment":[{"href":"https:\/\/maxitracksensors.com\/es\/wp-json\/wp\/v2\/media?parent=5945"}],"curies":[{"name":"wp","href":"https:\/\/api.w.org\/{rel}","templated":true}]}}